{"id":340,"date":"2018-06-19T11:18:21","date_gmt":"2018-06-19T09:18:21","guid":{"rendered":"https:\/\/iker.si\/upgrade\/?page_id=340"},"modified":"2018-06-28T19:32:31","modified_gmt":"2018-06-28T17:32:31","slug":"izdelava-porocil","status":"publish","type":"page","link":"https:\/\/iker.si\/upgrade\/storitve\/izdelava-porocil\/","title":{"rendered":"Izdelava poro\u010dil"},"content":{"rendered":"<p><div class=\"fusion-fullwidth fullwidth-box fusion-builder-row-1 nonhundred-percent-fullwidth non-hundred-percent-height-scrolling\" style=\"--awb-border-radius-top-left:0px;--awb-border-radius-top-right:0px;--awb-border-radius-bottom-right:0px;--awb-border-radius-bottom-left:0px;--awb-margin-bottom:45px;--awb-background-color:#f6f6f6;\" ><div class=\"fusion-builder-row fusion-row\"><div class=\"fusion-layout-column fusion_builder_column fusion-builder-column-0 fusion_builder_column_1_1 1_1 fusion-one-full fusion-column-first fusion-column-last\" style=\"--awb-bg-size:cover;\"><div class=\"fusion-column-wrapper fusion-flex-column-wrapper-legacy\"><div class=\"fusion-text fusion-text-1\"><h1 style=\"text-align: center;\">IZDELAVA PORO\u010cIL<\/h1>\n<\/div><div class=\"fusion-clearfix\"><\/div><\/div><\/div><\/div><\/div><div class=\"fusion-fullwidth fullwidth-box fusion-builder-row-2 nonhundred-percent-fullwidth non-hundred-percent-height-scrolling\" style=\"--awb-border-radius-top-left:0px;--awb-border-radius-top-right:0px;--awb-border-radius-bottom-right:0px;--awb-border-radius-bottom-left:0px;\" ><div class=\"fusion-builder-row fusion-row\"><div class=\"fusion-layout-column fusion_builder_column fusion-builder-column-1 fusion_builder_column_1_2 1_2 fusion-one-half fusion-column-first\" style=\"--awb-bg-size:cover;width:50%;width:calc(50% - ( ( 4% ) * 0.5 ) );margin-right: 4%;\"><div class=\"fusion-column-wrapper fusion-flex-column-wrapper-legacy\"><div class=\"fusion-text fusion-text-2\"><p>Za objekte, kjer izvajamo delitve porabe ogrevanja in vode izdelujemo:<br \/>\n&#8211; mese\u010dna in letna poro\u010dila<br \/>\n&#8211; poro\u010dila za celoten objekt in posamezno stanovanje<\/p>\n<p><u>Izdelava mese\u010dnih in letnih poro\u010dil:<\/u><br \/>\nUpravnik lahko prejema datoteko z vsemi mese\u010dnimi oz. letnimi poro\u010dili posameznih stanovanj. Posamezni eta\u017eni lastniki se lahko prijavijo na mese\u010dno brezpla\u010dno prejemanje poro\u010dila po elektronski po\u0161ti (samodejno razpo\u0161iljanje) ali prejemanje pisnega izvoda v po\u0161tni nabiralnik.<\/p>\n<\/div><div class=\"fusion-clearfix\"><\/div><\/div><\/div><div class=\"fusion-layout-column fusion_builder_column fusion-builder-column-2 fusion_builder_column_1_2 1_2 fusion-one-half fusion-column-last\" style=\"--awb-bg-size:cover;width:50%;width:calc(50% - ( ( 4% ) * 0.5 ) );\"><div class=\"fusion-column-wrapper fusion-flex-column-wrapper-legacy\"><div class=\"fusion-image-element in-legacy-container\" style=\"--awb-max-width:200px;--awb-caption-title-font-family:var(--h2_typography-font-family);--awb-caption-title-font-weight:var(--h2_typography-font-weight);--awb-caption-title-font-style:var(--h2_typography-font-style);--awb-caption-title-size:var(--h2_typography-font-size);--awb-caption-title-transform:var(--h2_typography-text-transform);--awb-caption-title-line-height:var(--h2_typography-line-height);--awb-caption-title-letter-spacing:var(--h2_typography-letter-spacing);\"><span class=\" fusion-imageframe imageframe-none imageframe-1 hover-type-none\" style=\"border:1px solid #000000;\" class=\"image-magnify\" class=\"image-scroll\"><img decoding=\"async\" width=\"506\" height=\"723\" title=\"Poroc\u030cilo porabe ogrevanja_za www\" src=\"https:\/\/iker.si\/upgrade\/wp-content\/uploads\/2018\/06\/Poroc\u030cilo-porabe-ogrevanja_za-www.jpg\" alt class=\"img-responsive wp-image-480\" srcset=\"https:\/\/iker.si\/upgrade\/wp-content\/uploads\/2018\/06\/Poroc\u030cilo-porabe-ogrevanja_za-www-200x286.jpg 200w, https:\/\/iker.si\/upgrade\/wp-content\/uploads\/2018\/06\/Poroc\u030cilo-porabe-ogrevanja_za-www-400x572.jpg 400w, https:\/\/iker.si\/upgrade\/wp-content\/uploads\/2018\/06\/Poroc\u030cilo-porabe-ogrevanja_za-www.jpg 506w\" sizes=\"(max-width: 800px) 100vw, 506px\" \/><\/span><\/div><div class=\"fusion-clearfix\"><\/div><\/div><\/div><\/div><\/div><\/p>\n","protected":false},"excerpt":{"rendered":"","protected":false},"author":3,"featured_media":0,"parent":259,"menu_order":4,"comment_status":"closed","ping_status":"closed","template":"100-width.php","meta":{"_mi_skip_tracking":false,"_exactmetrics_sitenote_active":false,"_exactmetrics_sitenote_note":"","_exactmetrics_sitenote_category":0},"_links":{"self":[{"href":"https:\/\/iker.si\/upgrade\/wp-json\/wp\/v2\/pages\/340"}],"collection":[{"href":"https:\/\/iker.si\/upgrade\/wp-json\/wp\/v2\/pages"}],"about":[{"href":"https:\/\/iker.si\/upgrade\/wp-json\/wp\/v2\/types\/page"}],"author":[{"embeddable":true,"href":"https:\/\/iker.si\/upgrade\/wp-json\/wp\/v2\/users\/3"}],"replies":[{"embeddable":true,"href":"https:\/\/iker.si\/upgrade\/wp-json\/wp\/v2\/comments?post=340"}],"version-history":[{"count":14,"href":"https:\/\/iker.si\/upgrade\/wp-json\/wp\/v2\/pages\/340\/revisions"}],"predecessor-version":[{"id":491,"href":"https:\/\/iker.si\/upgrade\/wp-json\/wp\/v2\/pages\/340\/revisions\/491"}],"up":[{"embeddable":true,"href":"https:\/\/iker.si\/upgrade\/wp-json\/wp\/v2\/pages\/259"}],"wp:attachment":[{"href":"https:\/\/iker.si\/upgrade\/wp-json\/wp\/v2\/media?parent=340"}],"curies":[{"name":"wp","href":"https:\/\/api.w.org\/{rel}","templated":true}]}}