{"id":337,"date":"2018-06-19T11:17:03","date_gmt":"2018-06-19T09:17:03","guid":{"rendered":"https:\/\/iker.si\/upgrade\/?page_id=337"},"modified":"2018-06-28T19:32:44","modified_gmt":"2018-06-28T17:32:44","slug":"izracun-korekcijskih-faktorjev","status":"publish","type":"page","link":"https:\/\/iker.si\/upgrade\/storitve\/izracun-korekcijskih-faktorjev\/","title":{"rendered":"Izra\u010dun korekcijskih faktorjev"},"content":{"rendered":"<p><div class=\"fusion-fullwidth fullwidth-box fusion-builder-row-1 nonhundred-percent-fullwidth non-hundred-percent-height-scrolling\" style=\"--awb-border-radius-top-left:0px;--awb-border-radius-top-right:0px;--awb-border-radius-bottom-right:0px;--awb-border-radius-bottom-left:0px;--awb-margin-bottom:45px;--awb-background-color:#f6f6f6;\" ><div class=\"fusion-builder-row fusion-row\"><div class=\"fusion-layout-column fusion_builder_column fusion-builder-column-0 fusion_builder_column_1_1 1_1 fusion-one-full fusion-column-first fusion-column-last\" style=\"--awb-bg-size:cover;\"><div class=\"fusion-column-wrapper fusion-flex-column-wrapper-legacy\"><div class=\"fusion-text fusion-text-1\"><h1 style=\"text-align: center;\">IZRA\u010cUN KOREKCIJSKIH FAKTORJEV<\/h1>\n<\/div><div class=\"fusion-clearfix\"><\/div><\/div><\/div><\/div><\/div><div class=\"fusion-fullwidth fullwidth-box fusion-builder-row-2 nonhundred-percent-fullwidth non-hundred-percent-height-scrolling\" style=\"--awb-border-radius-top-left:0px;--awb-border-radius-top-right:0px;--awb-border-radius-bottom-right:0px;--awb-border-radius-bottom-left:0px;\" ><div class=\"fusion-builder-row fusion-row\"><div class=\"fusion-layout-column fusion_builder_column fusion-builder-column-1 fusion_builder_column_1_2 1_2 fusion-one-half fusion-column-first\" style=\"--awb-bg-size:cover;width:50%;width:calc(50% - ( ( 4% ) * 0.5 ) );margin-right: 4%;\"><div class=\"fusion-column-wrapper fusion-flex-column-wrapper-legacy\"><div class=\"fusion-text fusion-text-2\"><p>Za objekte, kjer izdelujemo delitve porabe ogrevanja pripravimo izra\u010dun korekcijskih faktorjev lege stanovanj.<\/p>\n<p>Omenjeni izra\u010dun korekcijskih faktorjev je skladen s Pravilnikom (UL RS 61\/2016), ki dolo\u010da, da je v objektih potrebno upo\u0161tevati korekcijo lege stanovanj za dolo\u010ditev porabe ogrevanja.<\/p>\n<p>Stanovanja v objektu imajo namre\u010d razli\u010dne lege (zg. eta\u017ee, sp. eta\u017ee, vogalna stanovanja\u2026) in zato porabljajo razli\u010dno koli\u010dino ogrevanja za doseganje prbl. enakih bivalnih pogojev.<\/p>\n<\/div><div class=\"fusion-clearfix\"><\/div><\/div><\/div><div class=\"fusion-layout-column fusion_builder_column fusion-builder-column-2 fusion_builder_column_1_2 1_2 fusion-one-half fusion-column-last\" style=\"--awb-bg-size:cover;width:50%;width:calc(50% - ( ( 4% ) * 0.5 ) );\"><div class=\"fusion-column-wrapper fusion-flex-column-wrapper-legacy\"><div class=\"fusion-image-element in-legacy-container\" style=\"--awb-caption-title-font-family:var(--h2_typography-font-family);--awb-caption-title-font-weight:var(--h2_typography-font-weight);--awb-caption-title-font-style:var(--h2_typography-font-style);--awb-caption-title-size:var(--h2_typography-font-size);--awb-caption-title-transform:var(--h2_typography-text-transform);--awb-caption-title-line-height:var(--h2_typography-line-height);--awb-caption-title-letter-spacing:var(--h2_typography-letter-spacing);\"><span class=\" fusion-imageframe imageframe-none imageframe-1 hover-type-none\" class=\"image-magnify\" class=\"image-scroll\"><img decoding=\"async\" width=\"335\" height=\"255\" src=\"https:\/\/iker.si\/upgrade\/wp-content\/uploads\/2018\/06\/Screen-Shot-2018-06-19-at-11.41.05.png\" alt class=\"img-responsive wp-image-353\" srcset=\"https:\/\/iker.si\/upgrade\/wp-content\/uploads\/2018\/06\/Screen-Shot-2018-06-19-at-11.41.05-200x152.png 200w, https:\/\/iker.si\/upgrade\/wp-content\/uploads\/2018\/06\/Screen-Shot-2018-06-19-at-11.41.05.png 335w\" sizes=\"(max-width: 800px) 100vw, 335px\" \/><\/span><\/div><div class=\"fusion-clearfix\"><\/div><\/div><\/div><\/div><\/div><\/p>\n","protected":false},"excerpt":{"rendered":"","protected":false},"author":3,"featured_media":353,"parent":259,"menu_order":5,"comment_status":"closed","ping_status":"closed","template":"100-width.php","meta":{"_mi_skip_tracking":false,"_exactmetrics_sitenote_active":false,"_exactmetrics_sitenote_note":"","_exactmetrics_sitenote_category":0},"_links":{"self":[{"href":"https:\/\/iker.si\/upgrade\/wp-json\/wp\/v2\/pages\/337"}],"collection":[{"href":"https:\/\/iker.si\/upgrade\/wp-json\/wp\/v2\/pages"}],"about":[{"href":"https:\/\/iker.si\/upgrade\/wp-json\/wp\/v2\/types\/page"}],"author":[{"embeddable":true,"href":"https:\/\/iker.si\/upgrade\/wp-json\/wp\/v2\/users\/3"}],"replies":[{"embeddable":true,"href":"https:\/\/iker.si\/upgrade\/wp-json\/wp\/v2\/comments?post=337"}],"version-history":[{"count":10,"href":"https:\/\/iker.si\/upgrade\/wp-json\/wp\/v2\/pages\/337\/revisions"}],"predecessor-version":[{"id":492,"href":"https:\/\/iker.si\/upgrade\/wp-json\/wp\/v2\/pages\/337\/revisions\/492"}],"up":[{"embeddable":true,"href":"https:\/\/iker.si\/upgrade\/wp-json\/wp\/v2\/pages\/259"}],"wp:featuredmedia":[{"embeddable":true,"href":"https:\/\/iker.si\/upgrade\/wp-json\/wp\/v2\/media\/353"}],"wp:attachment":[{"href":"https:\/\/iker.si\/upgrade\/wp-json\/wp\/v2\/media?parent=337"}],"curies":[{"name":"wp","href":"https:\/\/api.w.org\/{rel}","templated":true}]}}