{"id":335,"date":"2018-06-19T11:15:12","date_gmt":"2018-06-19T09:15:12","guid":{"rendered":"https:\/\/iker.si\/upgrade\/?page_id=335"},"modified":"2018-06-27T14:26:58","modified_gmt":"2018-06-27T12:26:58","slug":"izvedba-delitev","status":"publish","type":"page","link":"https:\/\/iker.si\/upgrade\/storitve\/izvedba-delitev\/","title":{"rendered":"Izvedba delitev"},"content":{"rendered":"<p><div class=\"fusion-fullwidth fullwidth-box fusion-builder-row-1 nonhundred-percent-fullwidth non-hundred-percent-height-scrolling\" style=\"--awb-border-radius-top-left:0px;--awb-border-radius-top-right:0px;--awb-border-radius-bottom-right:0px;--awb-border-radius-bottom-left:0px;--awb-margin-bottom:45px;--awb-background-color:#f6f6f6;\" ><div class=\"fusion-builder-row fusion-row\"><div class=\"fusion-layout-column fusion_builder_column fusion-builder-column-0 fusion_builder_column_1_1 1_1 fusion-one-full fusion-column-first fusion-column-last\" style=\"--awb-bg-size:cover;\"><div class=\"fusion-column-wrapper fusion-flex-column-wrapper-legacy\"><div class=\"fusion-text fusion-text-1\"><h1 style=\"text-align: center;\">IZVEDBA DELITEV<\/h1>\n<\/div><div class=\"fusion-clearfix\"><\/div><\/div><\/div><\/div><\/div><div class=\"fusion-fullwidth fullwidth-box fusion-builder-row-2 nonhundred-percent-fullwidth non-hundred-percent-height-scrolling\" style=\"--awb-border-radius-top-left:0px;--awb-border-radius-top-right:0px;--awb-border-radius-bottom-right:0px;--awb-border-radius-bottom-left:0px;\" ><div class=\"fusion-builder-row fusion-row\"><div class=\"fusion-layout-column fusion_builder_column fusion-builder-column-1 fusion_builder_column_1_2 1_2 fusion-one-half fusion-column-first\" style=\"--awb-bg-size:cover;width:50%;width:calc(50% - ( ( 4% ) * 0.5 ) );margin-right: 4%;\"><div class=\"fusion-column-wrapper fusion-flex-column-wrapper-legacy\"><div class=\"fusion-text fusion-text-2\"><p>Za stanovanje in poslovne objekte izdelujemo delitve:<br \/>\n&#8211; porabe ogrevanja<br \/>\n&#8211; porabe hladne vode<br \/>\n&#8211; porabe tople vode<\/p>\n<p><u>Izvedba delitev porabe ogrevanja, hladne in tople vode<\/u><br \/>\nObdelava podatkov oz. porab, ki se od\u010ditavajo mese\u010dno ali letno, poteka v na\u0161em lastnem sistemu e\u0160tevci, ki smo ga na podlagi na\u0161ih ve\u010d kot 15 letnih programerskih izku\u0161enj razvili za izvajanje delitev stro\u0161kov, za izdelavo mese\u010dnih\/letnih poro\u010dil za stanovalce in za razpo\u0161iljanje poro\u010dil porabe po elektronski po\u0161ti. Dele\u017ee stro\u0161kov lahko v na\u0161em sistemu pripravimo v razli\u010dnih oblikah izvoznih datotek, ki so \u017ee pripravljene za uvoz v razli\u010dne sisteme (iPartments, Independent, \u2026), ki jih upravniki ali komunale uporabljajo za obra\u010dun stro\u0161kov.<\/p>\n<\/div><div class=\"fusion-clearfix\"><\/div><\/div><\/div><div class=\"fusion-layout-column fusion_builder_column fusion-builder-column-2 fusion_builder_column_1_2 1_2 fusion-one-half fusion-column-last\" style=\"--awb-padding-top:;--awb-padding-right:;--awb-padding-bottom:;--awb-padding-left:;--awb-bg-size:cover;width:50%;width:calc(50% - ( ( 4% ) * 0.5 ) );\"><div class=\"fusion-column-wrapper fusion-flex-column-wrapper-legacy\"><div class=\"fusion-image-element in-legacy-container\" style=\"--awb-caption-title-font-family:var(--h2_typography-font-family);--awb-caption-title-font-weight:var(--h2_typography-font-weight);--awb-caption-title-font-style:var(--h2_typography-font-style);--awb-caption-title-size:var(--h2_typography-font-size);--awb-caption-title-transform:var(--h2_typography-text-transform);--awb-caption-title-line-height:var(--h2_typography-line-height);--awb-caption-title-letter-spacing:var(--h2_typography-letter-spacing);\"><span class=\" fusion-imageframe imageframe-none imageframe-1 hover-type-none\" class=\"image-magnify\" class=\"image-scroll\"><img decoding=\"async\" width=\"1304\" height=\"500\" alt=\"Izvedba delitev\" title=\"Izvedba delitev\" src=\"https:\/\/iker.si\/upgrade\/wp-content\/uploads\/2018\/06\/izvedba-delitev.png\" class=\"img-responsive wp-image-451\" srcset=\"https:\/\/iker.si\/upgrade\/wp-content\/uploads\/2018\/06\/izvedba-delitev-200x77.png 200w, https:\/\/iker.si\/upgrade\/wp-content\/uploads\/2018\/06\/izvedba-delitev-400x153.png 400w, https:\/\/iker.si\/upgrade\/wp-content\/uploads\/2018\/06\/izvedba-delitev-600x230.png 600w, https:\/\/iker.si\/upgrade\/wp-content\/uploads\/2018\/06\/izvedba-delitev-800x307.png 800w, https:\/\/iker.si\/upgrade\/wp-content\/uploads\/2018\/06\/izvedba-delitev-1200x460.png 1200w, https:\/\/iker.si\/upgrade\/wp-content\/uploads\/2018\/06\/izvedba-delitev.png 1304w\" sizes=\"(max-width: 800px) 100vw, 800px\" \/><\/span><\/div><div class=\"fusion-clearfix\"><\/div><\/div><\/div><\/div><\/div><\/p>\n","protected":false},"excerpt":{"rendered":"","protected":false},"author":3,"featured_media":0,"parent":259,"menu_order":3,"comment_status":"closed","ping_status":"closed","template":"100-width.php","meta":{"_mi_skip_tracking":false,"_exactmetrics_sitenote_active":false,"_exactmetrics_sitenote_note":"","_exactmetrics_sitenote_category":0},"_links":{"self":[{"href":"https:\/\/iker.si\/upgrade\/wp-json\/wp\/v2\/pages\/335"}],"collection":[{"href":"https:\/\/iker.si\/upgrade\/wp-json\/wp\/v2\/pages"}],"about":[{"href":"https:\/\/iker.si\/upgrade\/wp-json\/wp\/v2\/types\/page"}],"author":[{"embeddable":true,"href":"https:\/\/iker.si\/upgrade\/wp-json\/wp\/v2\/users\/3"}],"replies":[{"embeddable":true,"href":"https:\/\/iker.si\/upgrade\/wp-json\/wp\/v2\/comments?post=335"}],"version-history":[{"count":7,"href":"https:\/\/iker.si\/upgrade\/wp-json\/wp\/v2\/pages\/335\/revisions"}],"predecessor-version":[{"id":454,"href":"https:\/\/iker.si\/upgrade\/wp-json\/wp\/v2\/pages\/335\/revisions\/454"}],"up":[{"embeddable":true,"href":"https:\/\/iker.si\/upgrade\/wp-json\/wp\/v2\/pages\/259"}],"wp:attachment":[{"href":"https:\/\/iker.si\/upgrade\/wp-json\/wp\/v2\/media?parent=335"}],"curies":[{"name":"wp","href":"https:\/\/api.w.org\/{rel}","templated":true}]}}