{"id":333,"date":"2018-06-19T11:13:48","date_gmt":"2018-06-19T09:13:48","guid":{"rendered":"https:\/\/iker.si\/upgrade\/?page_id=333"},"modified":"2018-06-27T10:57:16","modified_gmt":"2018-06-27T08:57:16","slug":"odcitavanje-merilnikov","status":"publish","type":"page","link":"https:\/\/iker.si\/upgrade\/storitve\/odcitavanje-merilnikov\/","title":{"rendered":"Od\u010ditavanje merilnikov"},"content":{"rendered":"<p><div class=\"fusion-fullwidth fullwidth-box fusion-builder-row-1 nonhundred-percent-fullwidth non-hundred-percent-height-scrolling\" style=\"--awb-border-radius-top-left:0px;--awb-border-radius-top-right:0px;--awb-border-radius-bottom-right:0px;--awb-border-radius-bottom-left:0px;--awb-margin-bottom:45px;--awb-background-color:#f6f6f6;\" ><div class=\"fusion-builder-row fusion-row\"><div class=\"fusion-layout-column fusion_builder_column fusion-builder-column-0 fusion_builder_column_1_1 1_1 fusion-one-full fusion-column-first fusion-column-last\" style=\"--awb-bg-size:cover;\"><div class=\"fusion-column-wrapper fusion-flex-column-wrapper-legacy\"><div class=\"fusion-text fusion-text-1\"><h1 style=\"text-align: center;\">OD\u010cITAVANJE MERILNIKOV<\/h1>\n<\/div><div class=\"fusion-clearfix\"><\/div><\/div><\/div><\/div><\/div><div class=\"fusion-fullwidth fullwidth-box fusion-builder-row-2 nonhundred-percent-fullwidth non-hundred-percent-height-scrolling\" style=\"--awb-border-radius-top-left:0px;--awb-border-radius-top-right:0px;--awb-border-radius-bottom-right:0px;--awb-border-radius-bottom-left:0px;\" ><div class=\"fusion-builder-row fusion-row\"><div class=\"fusion-layout-column fusion_builder_column fusion-builder-column-1 fusion_builder_column_1_1 1_1 fusion-one-full fusion-column-first fusion-column-last\" style=\"--awb-bg-size:cover;\"><div class=\"fusion-column-wrapper fusion-flex-column-wrapper-legacy\"><div class=\"fusion-text fusion-text-2\"><p><img decoding=\"async\" class=\"alignright size-full wp-image-356\" src=\"https:\/\/iker.si\/upgrade\/wp-content\/uploads\/2018\/06\/Screen-Shot-2018-06-19-at-11.44.37.png\" alt=\"\" width=\"284\" height=\"122\" srcset=\"https:\/\/iker.si\/upgrade\/wp-content\/uploads\/2018\/06\/Screen-Shot-2018-06-19-at-11.44.37-200x86.png 200w, https:\/\/iker.si\/upgrade\/wp-content\/uploads\/2018\/06\/Screen-Shot-2018-06-19-at-11.44.37.png 284w\" sizes=\"(max-width: 284px) 100vw, 284px\" \/>V ve\u010dstanovanjskih in poslovnih objektih nudimo in izvajamo ve\u010d vrst od\u010ditavanja merilnikov:<br \/>\n&#8211; ro\u010dno od\u010ditavanje<br \/>\n&#8211; walk by od\u010ditavanje<br \/>\n&#8211; od\u010ditavanje central AMR<br \/>\n&#8211; od\u010ditavanje central M-BUS<\/p>\n<p><u>Ro\u010dno od\u010ditavanje<\/u><br \/>\nV objektih, kjer imajo eta\u017eni lastniki merilnike ogrevanja in vodomere vgrajene na hodnikih in vstop v stanovanje ni potreben, zagotavljamo mese\u010dno od\u010ditavanje naprav.<\/p>\n<p><u>Walk By od\u010ditavanje<\/u><br \/>\nWalk by od\u010ditavanje je na\u010din daljinskega od\u010ditavanja (brez vstopa v stanovanje) in ne zahteva dodatne vgradnje centralnih enot. Od\u010ditovalec ima za potrebe od\u010ditavanja s seboj sprejemnik, s katerim daljinsko od\u010ditava naprave (delilniki, kalorimetri, vodomeri).<\/p>\n<p><u>Od\u010ditavanje central AMR<\/u><br \/>\nAMR od\u010ditavanje je na\u010din daljinskega od\u010ditavanja (brez vstopa v stanovanje), ki zahteva vgradnjo centralnih enot v objektu. \u0160tevilo centralnih enot, ki jih je potrebno vgraditi v posamezen objekt je odvisno od velikosti objekta (op. potrebna izmera jakosti signala).<\/p>\n<p><u>Od\u010ditavanje central M-BUS<\/u><br \/>\nM-BUS od\u010ditavanje je na\u010din daljinskega od\u010ditavanja (brez vstopa v stanovanje), ki zahteva vgradnjo (navadno) ene centralne enote v objektu, preko katere se od\u010ditavajo merilniki. Za zagotovitev M-BUS od\u010ditavanja pa je potrebno zagotoviti pokablitev (oz. o\u017ei\u010denje) od merilnikov (vodomerov, kalorimetrov) do centralne enote.<\/p>\n<\/div><div class=\"fusion-clearfix\"><\/div><\/div><\/div><\/div><\/div><\/p>\n","protected":false},"excerpt":{"rendered":"","protected":false},"author":3,"featured_media":0,"parent":259,"menu_order":1,"comment_status":"closed","ping_status":"closed","template":"100-width.php","meta":{"_mi_skip_tracking":false,"_exactmetrics_sitenote_active":false,"_exactmetrics_sitenote_note":"","_exactmetrics_sitenote_category":0},"_links":{"self":[{"href":"https:\/\/iker.si\/upgrade\/wp-json\/wp\/v2\/pages\/333"}],"collection":[{"href":"https:\/\/iker.si\/upgrade\/wp-json\/wp\/v2\/pages"}],"about":[{"href":"https:\/\/iker.si\/upgrade\/wp-json\/wp\/v2\/types\/page"}],"author":[{"embeddable":true,"href":"https:\/\/iker.si\/upgrade\/wp-json\/wp\/v2\/users\/3"}],"replies":[{"embeddable":true,"href":"https:\/\/iker.si\/upgrade\/wp-json\/wp\/v2\/comments?post=333"}],"version-history":[{"count":6,"href":"https:\/\/iker.si\/upgrade\/wp-json\/wp\/v2\/pages\/333\/revisions"}],"predecessor-version":[{"id":429,"href":"https:\/\/iker.si\/upgrade\/wp-json\/wp\/v2\/pages\/333\/revisions\/429"}],"up":[{"embeddable":true,"href":"https:\/\/iker.si\/upgrade\/wp-json\/wp\/v2\/pages\/259"}],"wp:attachment":[{"href":"https:\/\/iker.si\/upgrade\/wp-json\/wp\/v2\/media?parent=333"}],"curies":[{"name":"wp","href":"https:\/\/api.w.org\/{rel}","templated":true}]}}