{"id":331,"date":"2018-06-19T11:12:53","date_gmt":"2018-06-19T09:12:53","guid":{"rendered":"https:\/\/iker.si\/upgrade\/?page_id=331"},"modified":"2018-06-27T10:57:25","modified_gmt":"2018-06-27T08:57:25","slug":"vgradnja-merilnikov","status":"publish","type":"page","link":"https:\/\/iker.si\/upgrade\/storitve\/vgradnja-merilnikov\/","title":{"rendered":"Vgradnja merilnikov"},"content":{"rendered":"<p><div class=\"fusion-fullwidth fullwidth-box fusion-builder-row-1 nonhundred-percent-fullwidth non-hundred-percent-height-scrolling\" style=\"--awb-border-radius-top-left:0px;--awb-border-radius-top-right:0px;--awb-border-radius-bottom-right:0px;--awb-border-radius-bottom-left:0px;--awb-margin-bottom:45px;--awb-background-color:#f6f6f6;\" ><div class=\"fusion-builder-row fusion-row\"><div class=\"fusion-layout-column fusion_builder_column fusion-builder-column-0 fusion_builder_column_1_1 1_1 fusion-one-full fusion-column-first fusion-column-last\" style=\"--awb-bg-size:cover;\"><div class=\"fusion-column-wrapper fusion-flex-column-wrapper-legacy\"><div class=\"fusion-text fusion-text-1\"><h1 style=\"text-align: center;\">VGRADNJA MERILNIKOV<\/h1>\n<\/div><div class=\"fusion-clearfix\"><\/div><\/div><\/div><\/div><\/div><div class=\"fusion-fullwidth fullwidth-box fusion-builder-row-2 nonhundred-percent-fullwidth non-hundred-percent-height-scrolling\" style=\"--awb-border-radius-top-left:0px;--awb-border-radius-top-right:0px;--awb-border-radius-bottom-right:0px;--awb-border-radius-bottom-left:0px;\" ><div class=\"fusion-builder-row fusion-row\"><div class=\"fusion-layout-column fusion_builder_column fusion-builder-column-1 fusion_builder_column_1_1 1_1 fusion-one-full fusion-column-first fusion-column-last\" style=\"--awb-bg-size:cover;\"><div class=\"fusion-column-wrapper fusion-flex-column-wrapper-legacy\"><div class=\"fusion-text fusion-text-2\"><p><img decoding=\"async\" class=\"alignright size-full wp-image-358\" src=\"https:\/\/iker.si\/upgrade\/wp-content\/uploads\/2018\/06\/Screen-Shot-2018-06-19-at-11.45.25.png\" alt=\"\" width=\"312\" height=\"144\" srcset=\"https:\/\/iker.si\/upgrade\/wp-content\/uploads\/2018\/06\/Screen-Shot-2018-06-19-at-11.45.25-200x92.png 200w, https:\/\/iker.si\/upgrade\/wp-content\/uploads\/2018\/06\/Screen-Shot-2018-06-19-at-11.45.25-300x138.png 300w, https:\/\/iker.si\/upgrade\/wp-content\/uploads\/2018\/06\/Screen-Shot-2018-06-19-at-11.45.25.png 312w\" sizes=\"(max-width: 312px) 100vw, 312px\" \/>V ve\u010dstanovanjskih in poslovnih objektih nudimo in izvajamo vgradnjo razli\u010dnih merilnikov:<br \/>\n&#8211; merilniki porabe ogrevanja (kalorimetri)<br \/>\n&#8211; delilnik stro\u0161kov ogrevanja<br \/>\n&#8211; vodomeri<\/p>\n<p><u>Merilniki porabe ogrevanja<\/u><br \/>\nVgradnja merilnikov porabe ogrevanja se izvede v objektih, kjer eta\u017eni lastniki \u0161e nimajo vgrajenih merinikov (prva vgradnja merilnikov) in v objektih, kjer imajo merilnike \u017ee vgrajene in jih je potrebno zamenjati zaradi prete\u010denega roka veljavnosti (5 let).<\/p>\n<p><u>Delilniki stro\u0161kov ogrevanja<\/u><br \/>\nVgradnja delilnikov stro\u0161kov ogrevanja se izvede v objektih, kjer eta\u017eni lastniki \u0161e nimajo vgrajenih delilnikov (prva vgradnja delilnikov) in v objektih, kjer imajo delilnike \u017ee vgrajene in jih je potrebno zamenjati zaradi prete\u010dene \u017eivljenjske dobe naprave\/baterije (10 let). Poleg vgradenj delilnikov izvajamo tudi premonta\u017ee delilnikov, ko uporabiki zamenjajo radiatorje.<\/p>\n<p><u>Vodomeri<\/u><br \/>\nVgradnja vodomerov se izvede v objektih, kjer eta\u017eni lastniki \u0161e nimajo vgrajenih merinikov (prva vgradnja vodomerov) in v objektih, kjer imajo vodomere \u017ee vgrajene in jih je potrebno zamenjati zaradi prete\u010denega roka veljavnosti (5 let).<\/p>\n<\/div><div class=\"fusion-clearfix\"><\/div><\/div><\/div><\/div><\/div><\/p>\n","protected":false},"excerpt":{"rendered":"","protected":false},"author":3,"featured_media":0,"parent":259,"menu_order":2,"comment_status":"closed","ping_status":"closed","template":"100-width.php","meta":{"_mi_skip_tracking":false,"_exactmetrics_sitenote_active":false,"_exactmetrics_sitenote_note":"","_exactmetrics_sitenote_category":0},"_links":{"self":[{"href":"https:\/\/iker.si\/upgrade\/wp-json\/wp\/v2\/pages\/331"}],"collection":[{"href":"https:\/\/iker.si\/upgrade\/wp-json\/wp\/v2\/pages"}],"about":[{"href":"https:\/\/iker.si\/upgrade\/wp-json\/wp\/v2\/types\/page"}],"author":[{"embeddable":true,"href":"https:\/\/iker.si\/upgrade\/wp-json\/wp\/v2\/users\/3"}],"replies":[{"embeddable":true,"href":"https:\/\/iker.si\/upgrade\/wp-json\/wp\/v2\/comments?post=331"}],"version-history":[{"count":8,"href":"https:\/\/iker.si\/upgrade\/wp-json\/wp\/v2\/pages\/331\/revisions"}],"predecessor-version":[{"id":430,"href":"https:\/\/iker.si\/upgrade\/wp-json\/wp\/v2\/pages\/331\/revisions\/430"}],"up":[{"embeddable":true,"href":"https:\/\/iker.si\/upgrade\/wp-json\/wp\/v2\/pages\/259"}],"wp:attachment":[{"href":"https:\/\/iker.si\/upgrade\/wp-json\/wp\/v2\/media?parent=331"}],"curies":[{"name":"wp","href":"https:\/\/api.w.org\/{rel}","templated":true}]}}