{"id":250,"date":"2018-06-04T10:50:24","date_gmt":"2018-06-04T08:50:24","guid":{"rendered":"https:\/\/iker.si\/upgrade\/?page_id=250"},"modified":"2018-06-28T19:25:50","modified_gmt":"2018-06-28T17:25:50","slug":"sistemi-odcitavanja","status":"publish","type":"page","link":"https:\/\/iker.si\/upgrade\/produkti\/sistemi-odcitavanja\/","title":{"rendered":"Sistemi od\u010ditavanja"},"content":{"rendered":"<p><div class=\"fusion-fullwidth fullwidth-box fusion-builder-row-1 nonhundred-percent-fullwidth non-hundred-percent-height-scrolling\" style=\"--awb-border-radius-top-left:0px;--awb-border-radius-top-right:0px;--awb-border-radius-bottom-right:0px;--awb-border-radius-bottom-left:0px;--awb-margin-bottom:45px;--awb-background-color:#f6f6f6;\" ><div class=\"fusion-builder-row fusion-row\"><div class=\"fusion-layout-column fusion_builder_column fusion-builder-column-0 fusion_builder_column_1_1 1_1 fusion-one-full fusion-column-first fusion-column-last\" style=\"--awb-bg-size:cover;\"><div class=\"fusion-column-wrapper fusion-flex-column-wrapper-legacy\"><div class=\"fusion-text fusion-text-1\"><h1 style=\"text-align: center;\">SISTEMI OD\u010cITAVANJA<\/h1>\n<\/div><div class=\"fusion-clearfix\"><\/div><\/div><\/div><\/div><\/div><div class=\"fusion-fullwidth fullwidth-box fusion-builder-row-2 nonhundred-percent-fullwidth non-hundred-percent-height-scrolling\" style=\"--awb-border-radius-top-left:0px;--awb-border-radius-top-right:0px;--awb-border-radius-bottom-right:0px;--awb-border-radius-bottom-left:0px;\" ><div class=\"fusion-builder-row fusion-row\"><div class=\"fusion-layout-column fusion_builder_column fusion-builder-column-1 fusion_builder_column_1_1 1_1 fusion-one-full fusion-column-first fusion-column-last\" style=\"--awb-bg-size:cover;\"><div class=\"fusion-column-wrapper fusion-flex-column-wrapper-legacy\"><div class=\"fusion-text fusion-text-2\"><p>Od\u010ditavanje merilnikov ogrevanja, delilnikov in vodomerov izvajamo ro\u010dno ali daljinsko walk-by ali preko centralnih enot (radijsko in M-BUS).<\/p>\n<p>Daljinsko od\u010ditavanje merilnikov (kalorimetri, delilniki in vodomeri) s sistemom Walk-by se v objektih izvaja radijsko brez vstopa v stanovanja. Walk-by set sprejema podatke z merilnikov in jih posreduje programu, ki je name\u0161\u010den na prenosnem ra\u010dunalniku\/tablici.<\/p>\n<p>Daljinsko od\u010ditavanje merilnikov (kalorimetri, delilniki in vodomeri) preko radijskih centralnih enot se v objektih izvaja brez vstopa v stanovanja. Centralna enota je name\u0161\u010dena v objektu, kjer sprejema podatke z merilnikov in jih samodejno posreduje v sistem za izvedbo razdelitev stro\u0161kov.<\/p>\n<p>Daljinsko od\u010ditavanje merilnikov (kalorimetri in vodomeri) preko sistema M-BUS centralnih enot se izvaja v objektih kjer je izvedeno o\u017ei\u010denje merilnikov. Od\u010ditavanje se izvaja brez vstopa v stanovanja.<\/p>\n<\/div><div class=\"fusion-clearfix\"><\/div><\/div><\/div><\/div><\/div><div class=\"fusion-fullwidth fullwidth-box fusion-builder-row-3 nonhundred-percent-fullwidth non-hundred-percent-height-scrolling\" style=\"--awb-border-radius-top-left:0px;--awb-border-radius-top-right:0px;--awb-border-radius-bottom-right:0px;--awb-border-radius-bottom-left:0px;\" ><div class=\"fusion-builder-row fusion-row\"><div class=\"fusion-layout-column fusion_builder_column fusion-builder-column-2 fusion_builder_column_1_2 1_2 fusion-one-half fusion-column-first\" style=\"--awb-bg-size:cover;width:50%;width:calc(50% - ( ( 4% ) * 0.5 ) );margin-right: 4%;\"><div class=\"fusion-column-wrapper fusion-flex-column-wrapper-legacy\"><div class=\"fusion-image-element fusion-image-align-center in-legacy-container\" style=\"text-align:center;--awb-max-width:350px;--awb-caption-title-font-family:var(--h2_typography-font-family);--awb-caption-title-font-weight:var(--h2_typography-font-weight);--awb-caption-title-font-style:var(--h2_typography-font-style);--awb-caption-title-size:var(--h2_typography-font-size);--awb-caption-title-transform:var(--h2_typography-text-transform);--awb-caption-title-line-height:var(--h2_typography-line-height);--awb-caption-title-letter-spacing:var(--h2_typography-letter-spacing);\"><div class=\"imageframe-align-center\"><span class=\" fusion-imageframe imageframe-none imageframe-1 hover-type-none\" class=\"image-magnify\" class=\"image-scroll\"><img decoding=\"async\" width=\"826\" height=\"611\" alt=\"Od\u010ditavanje Walk-by\" title=\"Od\u010ditavanje Walk-by\" src=\"https:\/\/iker.si\/upgrade\/wp-content\/uploads\/2018\/06\/iker-odcitavanje-walk-by.png\" class=\"img-responsive wp-image-257\" srcset=\"https:\/\/iker.si\/upgrade\/wp-content\/uploads\/2018\/06\/iker-odcitavanje-walk-by-200x148.png 200w, https:\/\/iker.si\/upgrade\/wp-content\/uploads\/2018\/06\/iker-odcitavanje-walk-by-400x296.png 400w, https:\/\/iker.si\/upgrade\/wp-content\/uploads\/2018\/06\/iker-odcitavanje-walk-by-600x444.png 600w, https:\/\/iker.si\/upgrade\/wp-content\/uploads\/2018\/06\/iker-odcitavanje-walk-by-800x592.png 800w, https:\/\/iker.si\/upgrade\/wp-content\/uploads\/2018\/06\/iker-odcitavanje-walk-by.png 826w\" sizes=\"(max-width: 800px) 100vw, 800px\" \/><\/span><\/div><\/div><div class=\"fusion-text fusion-text-3\"><h2 style=\"text-align: center;\">Od\u010ditavanje Walk-by<\/h2>\n<\/div><div class=\"fusion-clearfix\"><\/div><\/div><\/div><div class=\"fusion-layout-column fusion_builder_column fusion-builder-column-3 fusion_builder_column_1_2 1_2 fusion-one-half fusion-column-last\" style=\"--awb-bg-size:cover;width:50%;width:calc(50% - ( ( 4% ) * 0.5 ) );\"><div class=\"fusion-column-wrapper fusion-flex-column-wrapper-legacy\"><div class=\"fusion-image-element fusion-image-align-center in-legacy-container\" style=\"text-align:center;--awb-max-width:350px;--awb-caption-title-font-family:var(--h2_typography-font-family);--awb-caption-title-font-weight:var(--h2_typography-font-weight);--awb-caption-title-font-style:var(--h2_typography-font-style);--awb-caption-title-size:var(--h2_typography-font-size);--awb-caption-title-transform:var(--h2_typography-text-transform);--awb-caption-title-line-height:var(--h2_typography-line-height);--awb-caption-title-letter-spacing:var(--h2_typography-letter-spacing);\"><div class=\"imageframe-align-center\"><span class=\" fusion-imageframe imageframe-none imageframe-2 hover-type-none\" class=\"image-magnify\" class=\"image-scroll\"><img decoding=\"async\" width=\"826\" height=\"611\" alt=\"Od\u010ditavanje s centralo\" title=\"Od\u010ditavanje s centralo\" src=\"https:\/\/iker.si\/upgrade\/wp-content\/uploads\/2018\/06\/Iker-odcitavanje.png\" class=\"img-responsive wp-image-255\" srcset=\"https:\/\/iker.si\/upgrade\/wp-content\/uploads\/2018\/06\/Iker-odcitavanje-200x148.png 200w, https:\/\/iker.si\/upgrade\/wp-content\/uploads\/2018\/06\/Iker-odcitavanje-400x296.png 400w, https:\/\/iker.si\/upgrade\/wp-content\/uploads\/2018\/06\/Iker-odcitavanje-600x444.png 600w, https:\/\/iker.si\/upgrade\/wp-content\/uploads\/2018\/06\/Iker-odcitavanje-800x592.png 800w, https:\/\/iker.si\/upgrade\/wp-content\/uploads\/2018\/06\/Iker-odcitavanje.png 826w\" sizes=\"(max-width: 800px) 100vw, 800px\" \/><\/span><\/div><\/div><div class=\"fusion-text fusion-text-4\"><h2 style=\"text-align: center;\">Od\u010ditavanje s centralo<\/h2>\n<\/div><div class=\"fusion-clearfix\"><\/div><\/div><\/div><\/div><\/div><\/p>\n","protected":false},"excerpt":{"rendered":"","protected":false},"author":3,"featured_media":257,"parent":202,"menu_order":4,"comment_status":"closed","ping_status":"closed","template":"100-width.php","meta":{"_mi_skip_tracking":false,"_exactmetrics_sitenote_active":false,"_exactmetrics_sitenote_note":"","_exactmetrics_sitenote_category":0},"_links":{"self":[{"href":"https:\/\/iker.si\/upgrade\/wp-json\/wp\/v2\/pages\/250"}],"collection":[{"href":"https:\/\/iker.si\/upgrade\/wp-json\/wp\/v2\/pages"}],"about":[{"href":"https:\/\/iker.si\/upgrade\/wp-json\/wp\/v2\/types\/page"}],"author":[{"embeddable":true,"href":"https:\/\/iker.si\/upgrade\/wp-json\/wp\/v2\/users\/3"}],"replies":[{"embeddable":true,"href":"https:\/\/iker.si\/upgrade\/wp-json\/wp\/v2\/comments?post=250"}],"version-history":[{"count":1,"href":"https:\/\/iker.si\/upgrade\/wp-json\/wp\/v2\/pages\/250\/revisions"}],"predecessor-version":[{"id":485,"href":"https:\/\/iker.si\/upgrade\/wp-json\/wp\/v2\/pages\/250\/revisions\/485"}],"up":[{"embeddable":true,"href":"https:\/\/iker.si\/upgrade\/wp-json\/wp\/v2\/pages\/202"}],"wp:featuredmedia":[{"embeddable":true,"href":"https:\/\/iker.si\/upgrade\/wp-json\/wp\/v2\/media\/257"}],"wp:attachment":[{"href":"https:\/\/iker.si\/upgrade\/wp-json\/wp\/v2\/media?parent=250"}],"curies":[{"name":"wp","href":"https:\/\/api.w.org\/{rel}","templated":true}]}}