{"id":237,"date":"2018-06-04T10:37:04","date_gmt":"2018-06-04T08:37:04","guid":{"rendered":"https:\/\/iker.si\/upgrade\/?page_id=237"},"modified":"2018-06-28T16:44:55","modified_gmt":"2018-06-28T14:44:55","slug":"delilniki-stroskov-ogrevanja","status":"publish","type":"page","link":"https:\/\/iker.si\/upgrade\/produkti\/delilniki-stroskov-ogrevanja\/","title":{"rendered":"Delilniki stro\u0161kov ogrevanja"},"content":{"rendered":"<p><div class=\"fusion-fullwidth fullwidth-box fusion-builder-row-1 nonhundred-percent-fullwidth non-hundred-percent-height-scrolling\" style=\"--awb-border-radius-top-left:0px;--awb-border-radius-top-right:0px;--awb-border-radius-bottom-right:0px;--awb-border-radius-bottom-left:0px;--awb-margin-bottom:45PX;--awb-background-color:#f6f6f6;\" ><div class=\"fusion-builder-row fusion-row\"><div class=\"fusion-layout-column fusion_builder_column fusion-builder-column-0 fusion_builder_column_1_1 1_1 fusion-one-full fusion-column-first fusion-column-last\" style=\"--awb-bg-size:cover;\"><div class=\"fusion-column-wrapper fusion-flex-column-wrapper-legacy\"><div class=\"fusion-text fusion-text-1\"><h1 style=\"text-align: center;\">DELILNIKI STRO\u0160KOV OGREVANJA<\/h1>\n<\/div><div class=\"fusion-clearfix\"><\/div><\/div><\/div><\/div><\/div><div class=\"fusion-fullwidth fullwidth-box fusion-builder-row-2 nonhundred-percent-fullwidth non-hundred-percent-height-scrolling\" style=\"--awb-border-radius-top-left:0px;--awb-border-radius-top-right:0px;--awb-border-radius-bottom-right:0px;--awb-border-radius-bottom-left:0px;\" ><div class=\"fusion-builder-row fusion-row\"><div class=\"fusion-layout-column fusion_builder_column fusion-builder-column-1 fusion_builder_column_1_1 1_1 fusion-one-full fusion-column-first fusion-column-last\" style=\"--awb-bg-size:cover;\"><div class=\"fusion-column-wrapper fusion-flex-column-wrapper-legacy\"><div class=\"fusion-text fusion-text-2\"><p>Bele\u017eenje porabe ogrevanja v objektih z ve\u010d vertikalnimi vodi je omogo\u010deno s pomo\u010djo vgradnje delilnikov stro\u0161ov ogrevanja. Na posamezen radiator v stanovanju\/poslovnem prostoru se vgradi delilnik, ki bele\u017ei porabo ogrevanja.<\/p>\n<p>Delilniki stro\u0161kov ogrevanja so dobavljivi za daljinsko ali ro\u010dno od\u010ditavanje. Daljinsko od\u010ditavanje je mo\u017eno preko sistema walk-by ali centralnih enot (AMR, GSM, ftp).<\/p>\n<p>Delilnike pred samo monta\u017eo programiramo glede na velikost, tip in mo\u010d radiatorja, kar omogo\u010da realen prikaz porabe posamezne naprave. Uporabniki\/eta\u017eni lastniki lahko tako na zaslonu delilnika od\u010ditajo svojo dejansko porabo, saj vrednosti porab ni ve\u010d potrebno prera\u010dunavati in so primerljive s porabo na ostalih delilnikih v objektu.<\/p>\n<\/div><div class=\"fusion-clearfix\"><\/div><\/div><\/div><\/div><\/div><div class=\"fusion-fullwidth fullwidth-box fusion-builder-row-3 nonhundred-percent-fullwidth non-hundred-percent-height-scrolling\" style=\"--awb-border-radius-top-left:0px;--awb-border-radius-top-right:0px;--awb-border-radius-bottom-right:0px;--awb-border-radius-bottom-left:0px;\" ><div class=\"fusion-builder-row fusion-row\"><div class=\"fusion-layout-column fusion_builder_column fusion-builder-column-2 fusion_builder_column_1_2 1_2 fusion-one-half fusion-column-first\" style=\"--awb-bg-size:cover;width:50%;width:calc(50% - ( ( 4% ) * 0.5 ) );margin-right: 4%;\"><div class=\"fusion-column-wrapper fusion-flex-column-wrapper-legacy\"><div class=\"fusion-image-element fusion-image-align-center in-legacy-container\" style=\"text-align:center;--awb-max-width:250px;--awb-caption-title-font-family:var(--h2_typography-font-family);--awb-caption-title-font-weight:var(--h2_typography-font-weight);--awb-caption-title-font-style:var(--h2_typography-font-style);--awb-caption-title-size:var(--h2_typography-font-size);--awb-caption-title-transform:var(--h2_typography-text-transform);--awb-caption-title-line-height:var(--h2_typography-line-height);--awb-caption-title-letter-spacing:var(--h2_typography-letter-spacing);\"><div class=\"imageframe-align-center\"><span class=\" fusion-imageframe imageframe-none imageframe-1 hover-type-none\" class=\"image-magnify\" class=\"image-scroll\"><img decoding=\"async\" width=\"949\" height=\"1004\" alt=\"Elektronski delilnik Engelmann\" title=\"Elektronski delilnik Engelmann\" src=\"https:\/\/iker.si\/upgrade\/wp-content\/uploads\/2018\/06\/5.png\" class=\"img-responsive wp-image-444\" srcset=\"https:\/\/iker.si\/upgrade\/wp-content\/uploads\/2018\/06\/5-200x212.png 200w, https:\/\/iker.si\/upgrade\/wp-content\/uploads\/2018\/06\/5-400x423.png 400w, https:\/\/iker.si\/upgrade\/wp-content\/uploads\/2018\/06\/5-600x635.png 600w, https:\/\/iker.si\/upgrade\/wp-content\/uploads\/2018\/06\/5-800x846.png 800w, https:\/\/iker.si\/upgrade\/wp-content\/uploads\/2018\/06\/5.png 949w\" sizes=\"(max-width: 800px) 100vw, 800px\" \/><\/span><\/div><\/div><div class=\"fusion-text fusion-text-3\"><h2 style=\"text-align: center;\">Elektronski delilnik Engelmann<\/h2>\n<\/div><div class=\"fusion-clearfix\"><\/div><\/div><\/div><div class=\"fusion-layout-column fusion_builder_column fusion-builder-column-3 fusion_builder_column_1_2 1_2 fusion-one-half fusion-column-last\" style=\"--awb-bg-size:cover;width:50%;width:calc(50% - ( ( 4% ) * 0.5 ) );\"><div class=\"fusion-column-wrapper fusion-flex-column-wrapper-legacy\"><div class=\"fusion-image-element fusion-image-align-center in-legacy-container\" style=\"text-align:center;--awb-max-width:250px;--awb-caption-title-font-family:var(--h2_typography-font-family);--awb-caption-title-font-weight:var(--h2_typography-font-weight);--awb-caption-title-font-style:var(--h2_typography-font-style);--awb-caption-title-size:var(--h2_typography-font-size);--awb-caption-title-transform:var(--h2_typography-text-transform);--awb-caption-title-line-height:var(--h2_typography-line-height);--awb-caption-title-letter-spacing:var(--h2_typography-letter-spacing);\"><div class=\"imageframe-align-center\"><span class=\" fusion-imageframe imageframe-none imageframe-2 hover-type-none\" class=\"image-magnify\" class=\"image-scroll\"><img decoding=\"async\" width=\"949\" height=\"1004\" title=\"Elektronski delilnik Siemens\" src=\"https:\/\/iker.si\/upgrade\/wp-content\/uploads\/2018\/06\/6.png\" alt class=\"img-responsive wp-image-445\" srcset=\"https:\/\/iker.si\/upgrade\/wp-content\/uploads\/2018\/06\/6-200x212.png 200w, https:\/\/iker.si\/upgrade\/wp-content\/uploads\/2018\/06\/6-400x423.png 400w, https:\/\/iker.si\/upgrade\/wp-content\/uploads\/2018\/06\/6-600x635.png 600w, https:\/\/iker.si\/upgrade\/wp-content\/uploads\/2018\/06\/6-800x846.png 800w, https:\/\/iker.si\/upgrade\/wp-content\/uploads\/2018\/06\/6.png 949w\" sizes=\"(max-width: 800px) 100vw, 800px\" \/><\/span><\/div><\/div><div class=\"fusion-text fusion-text-4\"><h2 style=\"text-align: center;\">Elektronski delilnik Siemens<\/h2>\n<\/div><div class=\"fusion-clearfix\"><\/div><\/div><\/div><\/div><\/div><\/p>\n","protected":false},"excerpt":{"rendered":"","protected":false},"author":3,"featured_media":444,"parent":202,"menu_order":2,"comment_status":"closed","ping_status":"closed","template":"100-width.php","meta":{"_mi_skip_tracking":false,"_exactmetrics_sitenote_active":false,"_exactmetrics_sitenote_note":"","_exactmetrics_sitenote_category":0},"_links":{"self":[{"href":"https:\/\/iker.si\/upgrade\/wp-json\/wp\/v2\/pages\/237"}],"collection":[{"href":"https:\/\/iker.si\/upgrade\/wp-json\/wp\/v2\/pages"}],"about":[{"href":"https:\/\/iker.si\/upgrade\/wp-json\/wp\/v2\/types\/page"}],"author":[{"embeddable":true,"href":"https:\/\/iker.si\/upgrade\/wp-json\/wp\/v2\/users\/3"}],"replies":[{"embeddable":true,"href":"https:\/\/iker.si\/upgrade\/wp-json\/wp\/v2\/comments?post=237"}],"version-history":[{"count":0,"href":"https:\/\/iker.si\/upgrade\/wp-json\/wp\/v2\/pages\/237\/revisions"}],"up":[{"embeddable":true,"href":"https:\/\/iker.si\/upgrade\/wp-json\/wp\/v2\/pages\/202"}],"wp:featuredmedia":[{"embeddable":true,"href":"https:\/\/iker.si\/upgrade\/wp-json\/wp\/v2\/media\/444"}],"wp:attachment":[{"href":"https:\/\/iker.si\/upgrade\/wp-json\/wp\/v2\/media?parent=237"}],"curies":[{"name":"wp","href":"https:\/\/api.w.org\/{rel}","templated":true}]}}