{"id":192,"date":"2018-06-04T09:51:05","date_gmt":"2018-06-04T07:51:05","guid":{"rendered":"https:\/\/iker.si\/upgrade\/?page_id=192"},"modified":"2019-08-13T12:26:43","modified_gmt":"2019-08-13T10:26:43","slug":"o-nas","status":"publish","type":"page","link":"https:\/\/iker.si\/upgrade\/podjetje\/o-nas\/","title":{"rendered":"O nas"},"content":{"rendered":"<p><div class=\"fusion-fullwidth fullwidth-box fusion-builder-row-1 nonhundred-percent-fullwidth non-hundred-percent-height-scrolling\" style=\"--awb-border-radius-top-left:0px;--awb-border-radius-top-right:0px;--awb-border-radius-bottom-right:0px;--awb-border-radius-bottom-left:0px;--awb-margin-bottom:45px;--awb-background-color:#f6f6f6;\" ><div class=\"fusion-builder-row fusion-row\"><div class=\"fusion-layout-column fusion_builder_column fusion-builder-column-0 fusion_builder_column_1_1 1_1 fusion-one-full fusion-column-first fusion-column-last\" style=\"--awb-bg-size:cover;\"><div class=\"fusion-column-wrapper fusion-flex-column-wrapper-legacy\"><div class=\"fusion-text fusion-text-1\"><h1 style=\"text-align: center;\">O NAS<\/h1>\n<\/div><div class=\"fusion-clearfix\"><\/div><\/div><\/div><\/div><\/div><div class=\"fusion-fullwidth fullwidth-box fusion-builder-row-2 nonhundred-percent-fullwidth non-hundred-percent-height-scrolling\" style=\"--awb-border-radius-top-left:0px;--awb-border-radius-top-right:0px;--awb-border-radius-bottom-right:0px;--awb-border-radius-bottom-left:0px;\" ><div class=\"fusion-builder-row fusion-row\"><div class=\"fusion-layout-column fusion_builder_column fusion-builder-column-1 fusion_builder_column_1_1 1_1 fusion-one-full fusion-column-first fusion-column-last\" style=\"--awb-bg-size:cover;\"><div class=\"fusion-column-wrapper fusion-flex-column-wrapper-legacy\"><div class=\"fusion-text fusion-text-2\"><p>Podjetje IKER d.o.o. je bilo ustanovljeno leta 2012. Ukvarjamo se z merjenjem porabe ogrevanja in vode: vgradnja merilnikov porabe ogrevanja, delilnikov stro\u0161kov ogrevanja ter vodomerov, delitev porabe ogrevanja in vode, izdelava letnih in mese\u010dnih poro\u010dil, izra\u010duni korekcijskih faktorjev\u2026<\/p>\n<p>Izvajamo od\u010ditavanja in delitve navedenih merilnikov razli\u010dnih proizvajalcev (Engelmann, Siemens, Qundis, Metra\u2026), kar pomeni, da lahko eta\u017eni lastniki izberejo na\u0161e podjetje, ne da bi morali zamenjati merilno opremo (delilniki, vodomeri, kalorimetri), ki jo \u017ee imajo vgrajeno.<\/p>\n<p>Za izvedbo delitev porabe ogrevanja in vode uporabljamo svoj program, ki je plod lastnega programerskega kadra z ve\u010d kot 15 letnimi izku\u0161njami v programiranju podobnih aplikacij.<\/p>\n<p>Na podro\u010dju delilnikov, vodomerov in merilnikov toplotne energije imamo ve\u010d kot 15 letne izku\u0161nje. K poznavanju merilnih naprav spada vgradnja delilnikov, vodomerov in merilnikov toplote, centralnih enot, programiranje delilnikov, od\u010ditavanje, obra\u010dun\u2026<\/p>\n<p>Za vse stanovanjske in poslovne objekte izdelujemo mese\u010dna in letna poro\u010dila o porabi ogrevanja in vode. \u017delimo, da so eta\u017eni lastniki seznanjeni o porabi svoje energije ogrevanja in vode in tako la\u017eje nadzirajo svojo porabo oz. stro\u0161ke.<\/p>\n<\/div><div class=\"fusion-clearfix\"><\/div><\/div><\/div><\/div><\/div><div class=\"fusion-fullwidth fullwidth-box fusion-builder-row-3 nonhundred-percent-fullwidth non-hundred-percent-height-scrolling\" style=\"--awb-border-radius-top-left:0px;--awb-border-radius-top-right:0px;--awb-border-radius-bottom-right:0px;--awb-border-radius-bottom-left:0px;\" ><div class=\"fusion-builder-row fusion-row\"><div class=\"fusion-layout-column fusion_builder_column fusion-builder-column-2 fusion_builder_column_1_1 1_1 fusion-one-full fusion-column-first fusion-column-last\" style=\"--awb-bg-size:cover;\"><div class=\"fusion-column-wrapper fusion-flex-column-wrapper-legacy\"><div class=\"fusion-image-element fusion-image-align-center in-legacy-container\" style=\"text-align:center;--awb-max-width:300px;--awb-caption-title-font-family:var(--h2_typography-font-family);--awb-caption-title-font-weight:var(--h2_typography-font-weight);--awb-caption-title-font-style:var(--h2_typography-font-style);--awb-caption-title-size:var(--h2_typography-font-size);--awb-caption-title-transform:var(--h2_typography-text-transform);--awb-caption-title-line-height:var(--h2_typography-line-height);--awb-caption-title-letter-spacing:var(--h2_typography-letter-spacing);\"><div class=\"imageframe-align-center\"><span class=\" fusion-imageframe imageframe-none imageframe-1 hover-type-none\" class=\"image-magnify\" class=\"image-scroll\"><img decoding=\"async\" width=\"300\" height=\"300\" src=\"https:\/\/iker.si\/upgrade\/wp-content\/uploads\/2019\/08\/Banner_spletna_162_162-300x300.png\" alt class=\"img-responsive wp-image-495\" srcset=\"https:\/\/iker.si\/upgrade\/wp-content\/uploads\/2019\/08\/Banner_spletna_162_162-200x200.png 200w, https:\/\/iker.si\/upgrade\/wp-content\/uploads\/2019\/08\/Banner_spletna_162_162-400x400.png 400w, https:\/\/iker.si\/upgrade\/wp-content\/uploads\/2019\/08\/Banner_spletna_162_162-600x600.png 600w, https:\/\/iker.si\/upgrade\/wp-content\/uploads\/2019\/08\/Banner_spletna_162_162.png 800w\" sizes=\"(max-width: 800px) 100vw, 300px\" \/><\/span><\/div><\/div><div class=\"fusion-clearfix\"><\/div><\/div><\/div><\/div><\/div><\/p>\n","protected":false},"excerpt":{"rendered":"","protected":false},"author":3,"featured_media":0,"parent":15,"menu_order":1,"comment_status":"closed","ping_status":"closed","template":"100-width.php","meta":{"_mi_skip_tracking":false,"_exactmetrics_sitenote_active":false,"_exactmetrics_sitenote_note":"","_exactmetrics_sitenote_category":0},"_links":{"self":[{"href":"https:\/\/iker.si\/upgrade\/wp-json\/wp\/v2\/pages\/192"}],"collection":[{"href":"https:\/\/iker.si\/upgrade\/wp-json\/wp\/v2\/pages"}],"about":[{"href":"https:\/\/iker.si\/upgrade\/wp-json\/wp\/v2\/types\/page"}],"author":[{"embeddable":true,"href":"https:\/\/iker.si\/upgrade\/wp-json\/wp\/v2\/users\/3"}],"replies":[{"embeddable":true,"href":"https:\/\/iker.si\/upgrade\/wp-json\/wp\/v2\/comments?post=192"}],"version-history":[{"count":4,"href":"https:\/\/iker.si\/upgrade\/wp-json\/wp\/v2\/pages\/192\/revisions"}],"predecessor-version":[{"id":496,"href":"https:\/\/iker.si\/upgrade\/wp-json\/wp\/v2\/pages\/192\/revisions\/496"}],"up":[{"embeddable":true,"href":"https:\/\/iker.si\/upgrade\/wp-json\/wp\/v2\/pages\/15"}],"wp:attachment":[{"href":"https:\/\/iker.si\/upgrade\/wp-json\/wp\/v2\/media?parent=192"}],"curies":[{"name":"wp","href":"https:\/\/api.w.org\/{rel}","templated":true}]}}